{"id":2329,"date":"2021-04-05T11:57:37","date_gmt":"2021-04-05T09:57:37","guid":{"rendered":"https:\/\/gloube.shiftit.dk\/maison\/menu\/"},"modified":"2026-02-19T14:03:57","modified_gmt":"2026-02-19T13:03:57","slug":"menu","status":"publish","type":"page","link":"https:\/\/restaurantmaison.dk\/en\/menu\/","title":{"rendered":"Menu"},"content":{"rendered":"\n<p class=\"has-text-align-center\">The cuisine at Maison is unreservedly classic French. The menu offers oysters, p\u00e2t\u00e9s, terrines and classic servings such as meuni\u00e8re fried fish, tartar and pepper steak. The bar is also classic in style with well-known cocktails, and an extensive list of carefully selected wines.<\/p>\n\n\n<div class=\"wp-block-image\">\n<figure class=\"aligncenter size-large is-resized\"><img loading=\"lazy\" decoding=\"async\" width=\"1024\" height=\"683\" src=\"https:\/\/restaurantmaison.dk\/wp-content\/uploads\/sites\/15\/2025\/04\/GT8A2962-1024x683.jpg\" alt=\"\" class=\"wp-image-3395\" style=\"aspect-ratio:1.4992888417882142;width:474px;height:auto\" srcset=\"https:\/\/restaurantmaison.dk\/wp-content\/uploads\/sites\/15\/2025\/04\/GT8A2962-1024x683.jpg 1024w, https:\/\/restaurantmaison.dk\/wp-content\/uploads\/sites\/15\/2025\/04\/GT8A2962-300x200.jpg 300w, https:\/\/restaurantmaison.dk\/wp-content\/uploads\/sites\/15\/2025\/04\/GT8A2962-768x512.jpg 768w, https:\/\/restaurantmaison.dk\/wp-content\/uploads\/sites\/15\/2025\/04\/GT8A2962.jpg 1080w\" sizes=\"auto, (max-width: 1024px) 100vw, 1024px\" \/><\/figure>\n<\/div>\n\n\n<div style=\"height:30px\" aria-hidden=\"true\" class=\"wp-block-spacer\"><\/div>\n\n\n\n<div class=\"wp-block-buttons is-content-justification-center is-layout-flex wp-container-core-buttons-is-layout-16018d1d wp-block-buttons-is-layout-flex\">\n<div class=\"wp-block-button is-style-fill\"><a class=\"wp-block-button__link wp-element-button\" href=\"https:\/\/restaurantmaison.dk\/en\/menu\/menu-card\/\" rel=\"\">Menu<\/a><\/div>\n\n\n\n<div class=\"wp-block-button is-style-fill\"><a class=\"wp-block-button__link wp-element-button\" href=\"https:\/\/restaurantmaison.dk\/en\/wine\/\">Wine<\/a><\/div>\n<\/div>\n\n\n\n<p class=\"has-text-align-center\">We offer still\/sparkling water ad lib for the table 45,- per person<\/p>\n","protected":false},"excerpt":{"rendered":"<p>The cuisine at Maison is unreservedly classic French. The menu offers oysters, p\u00e2t\u00e9s, terrines and classic servings such as meuni\u00e8re fried fish, tartar and pepper steak. The bar is also classic in style with well-known cocktails, and an extensive list of carefully selected wines. We offer still\/sparkling water ad lib for the table 45,- per [&hellip;]<\/p>\n","protected":false},"author":1,"featured_media":0,"parent":0,"menu_order":0,"comment_status":"closed","ping_status":"closed","template":"template-page-medium.php","meta":{"_acf_changed":false,"footnotes":""},"class_list":["post-2329","page","type-page","status-publish","hentry"],"acf":[],"_links":{"self":[{"href":"https:\/\/restaurantmaison.dk\/en\/wp-json\/wp\/v2\/pages\/2329","targetHints":{"allow":["GET"]}}],"collection":[{"href":"https:\/\/restaurantmaison.dk\/en\/wp-json\/wp\/v2\/pages"}],"about":[{"href":"https:\/\/restaurantmaison.dk\/en\/wp-json\/wp\/v2\/types\/page"}],"author":[{"embeddable":true,"href":"https:\/\/restaurantmaison.dk\/en\/wp-json\/wp\/v2\/users\/1"}],"replies":[{"embeddable":true,"href":"https:\/\/restaurantmaison.dk\/en\/wp-json\/wp\/v2\/comments?post=2329"}],"version-history":[{"count":13,"href":"https:\/\/restaurantmaison.dk\/en\/wp-json\/wp\/v2\/pages\/2329\/revisions"}],"predecessor-version":[{"id":3791,"href":"https:\/\/restaurantmaison.dk\/en\/wp-json\/wp\/v2\/pages\/2329\/revisions\/3791"}],"wp:attachment":[{"href":"https:\/\/restaurantmaison.dk\/en\/wp-json\/wp\/v2\/media?parent=2329"}],"curies":[{"name":"wp","href":"https:\/\/api.w.org\/{rel}","templated":true}]}}